{"id":5820,"date":"2024-09-25T13:23:52","date_gmt":"2024-09-25T11:23:52","guid":{"rendered":"https:\/\/werkado.eu\/werkadon-esg-ja-kestavyyskaytanto\/"},"modified":"2025-04-22T09:32:51","modified_gmt":"2025-04-22T07:32:51","slug":"werkadon-esg-ja-kestavyyskaytanto","status":"publish","type":"page","link":"https:\/\/werkado.eu\/fi\/werkadon-esg-ja-kestavyyskaytanto\/","title":{"rendered":"WERKADON ESG- JA KEST\u00c4VYYSK\u00c4YT\u00c4NT\u00d6"},"content":{"rendered":"\n<div class=\"wp-block-cover is-light\"><span aria-hidden=\"true\" class=\"wp-block-cover__background has-background-dim\" style=\"background-color:#9e9ca4\"><\/span><img loading=\"lazy\" decoding=\"async\" width=\"1366\" height=\"731\" class=\"wp-block-cover__image-background wp-image-5539\" alt=\"\" src=\"https:\/\/werkado.eu\/wp-content\/uploads\/2024\/09\/pexels-alena-koval-233944-886521.jpg\" data-object-fit=\"cover\" srcset=\"https:\/\/werkado.eu\/wp-content\/uploads\/2024\/09\/pexels-alena-koval-233944-886521.jpg 1366w, https:\/\/werkado.eu\/wp-content\/uploads\/2024\/09\/pexels-alena-koval-233944-886521-300x161.jpg 300w, https:\/\/werkado.eu\/wp-content\/uploads\/2024\/09\/pexels-alena-koval-233944-886521-1024x548.jpg 1024w, https:\/\/werkado.eu\/wp-content\/uploads\/2024\/09\/pexels-alena-koval-233944-886521-768x411.jpg 768w, https:\/\/werkado.eu\/wp-content\/uploads\/2024\/09\/pexels-alena-koval-233944-886521-65x35.jpg 65w, https:\/\/werkado.eu\/wp-content\/uploads\/2024\/09\/pexels-alena-koval-233944-886521-75x40.jpg 75w\" sizes=\"auto, (max-width: 1366px) 100vw, 1366px\" \/><div class=\"wp-block-cover__inner-container is-layout-flow wp-block-cover-is-layout-flow\">\n<p class=\"has-text-align-center cover-block-lineheight has-large-font-size\">ESG<\/p>\n<\/div><\/div>\n\n<p>Werkadon ESG- ja kest\u00e4vyysk\u00e4yt\u00e4nn\u00f6n tavoitteena on kuvailla, miten yritys k\u00e4sittelee ymp\u00e4rist\u00f6\u00f6n (Environmental), sosiaaliseen vastuuseen (Social) ja hyv\u00e4\u00e4n hallintotapaan (Governance) liittyvi\u00e4 kysymyksi\u00e4 ottaen huomioon yrityksen erityispiirteet ja toimialan vaatimukset. K\u00e4yt\u00e4nt\u00f6 perustuu kansainv\u00e4lisesti tunnustettuun ESG-kehykseen sek\u00e4 paikallisiin lains\u00e4\u00e4d\u00e4nn\u00f6llisiin vaatimuksiin ja sidosryhmien odotuksiin.<\/p>\n\n<h3 class=\"wp-block-heading\"><strong>Werkadon ESG- ja kest\u00e4vyysstrategian tavoitteena on<\/strong>:<\/h3>\n\n<ul class=\"wp-block-list\">\n<li>lis\u00e4t\u00e4 tietoisuutta ja ESG-asioiden ymm\u00e4rryst\u00e4 koko organisaation laajuisena; <\/li>\n\n\n\n<li>asettaa periaatteet ja ohjeet, joita ty\u00f6ntekij\u00e4t noudattavat liiketoimintap\u00e4\u00e4t\u00f6ksi\u00e4 tehdess\u00e4\u00e4n ja p\u00e4ivitt\u00e4isess\u00e4 toiminnassaan, mik\u00e4 varmistaa yhten\u00e4isen ja vastuullisen toimintakulttuurin;<\/li>\n\n\n\n<li>viesti\u00e4 selke\u00e4sti ja ymm\u00e4rrett\u00e4v\u00e4sti yrityksen ESG-periaatteista sis\u00e4isille ja ulkoisille sidosryhmille (asiakkaille, kumppaneille, toimittajille ja yhteis\u00f6ille), mik\u00e4 parantaa l\u00e4pin\u00e4kyvyytt\u00e4 ja luotettavuutta.<\/li>\n<\/ul>\n\n<h2 class=\"wp-block-heading\"><strong>WERKADON SIDOSRYHM\u00c4T<\/strong><\/h2>\n\n<p>Otamme huomioon keskeisiin sidosryhmiimme liittyv\u00e4t vaikutukset, riskit ja mahdollisuudet. Olemme sitoutuneet ymm\u00e4rt\u00e4m\u00e4\u00e4n heid\u00e4n odotuksiaan ja tarpeitaan varmistaen samalla, ett\u00e4 ESG-periaatteet integroidaan yhteisty\u00f6h\u00f6mme kaikkien kumppaneiden kanssa.<\/p>\n\n<h3 class=\"wp-block-heading\"><strong>Ty\u00f6ntekij\u00e4mme<\/strong><\/h3>\n\n<p>Ty\u00f6ntekij\u00e4mme ovat yrityksellemme kriittisen t\u00e4rke\u00e4 sidosryhm\u00e4, sill\u00e4 heid\u00e4n osaamisensa, tyytyv\u00e4isyytens\u00e4 ja sitoutumisensa vaikuttavat suoraan strategian menestyneeseen toteuttamiseen. Ty\u00f6ntekij\u00e4t ovat Werkadon arvojen ja ESG-periaatteiden edustajia, jotka varmistavat vastuullisen toiminnan p\u00e4ivitt\u00e4isess\u00e4 toiminnassamme. Lis\u00e4ksi on t\u00e4rke\u00e4\u00e4 panostaa ty\u00f6ntekij\u00f6iden tietoisuuden lis\u00e4\u00e4miseen ja kehitt\u00e4miseen, jotta he voivat edist\u00e4\u00e4 kest\u00e4vyyteen liittyvien tavoitteiden saavuttamista aktiivisesti.<\/p>\n\n<h3 class=\"wp-block-heading\"><strong>Valmistajat (toimittajat)<\/strong><\/h3>\n\n<p>Toimittajamme ovat yrityksi\u00e4, joiden tuotteita Werkado mainostaa. Valmistajien ja toimittajien sitoutuminen ja innovatiivisuus vaikuttavat suoraan tuotevalikoimaamme sek\u00e4 toimitusnopeuteen ja -laatuun. Vaikka Werkadolla on rajalliset mahdollisuudet vaikuttaa toimittajien sis\u00e4isiin prosesseihin, meille on ensiarvoisen t\u00e4rke\u00e4\u00e4 tehd\u00e4 yhteisty\u00f6t\u00e4 sellaisten toimittajien kanssa, jotka panostavat kest\u00e4v\u00e4\u00e4n tuotekehitykseen ja noudattavat vastuullisia liiketoimintak\u00e4yt\u00e4nt\u00f6j\u00e4. T\u00e4llainen yhteisty\u00f6 auttaa meit\u00e4 tarjoamaan asiakkaillemme ymp\u00e4rist\u00f6yst\u00e4v\u00e4llisi\u00e4 ja innovatiivisia ratkaisuja.<\/p>\n\n<h3 class=\"wp-block-heading\"><strong>J\u00e4lleenmyyj\u00e4t<\/strong><\/h3>\n\n<p>J\u00e4lleenmyyjill\u00e4, kuten myym\u00e4l\u00f6ill\u00e4 ja v\u00e4hitt\u00e4iskauppaketjuilla, on t\u00e4rke\u00e4 rooli Werkadon tuotteiden jakelussa loppuasiakkaille. Sen lis\u00e4ksi, ett\u00e4 ne tuovat tuotteet loppuasiakkaiden saataville, niill\u00e4 on keskeinen rooli Werkadon ESG-viestin v\u00e4litt\u00e4misess\u00e4. J\u00e4lleenmyyjien kautta kasvatamme loppuk\u00e4ytt\u00e4jien tietoisuutta kest\u00e4v\u00e4mmist\u00e4 valinnoista ja vastuullisesta kulutuksesta. Siksi yhteisty\u00f6 j\u00e4lleenmyyjien kanssa keskittyy paitsi myyntiin my\u00f6s vastuullisen mainonnan ja viestinn\u00e4n tukemiseen.<\/p>\n\n<h3 class=\"wp-block-heading\"><strong>Kuluttajat<\/strong><\/h3>\n\n<p>Loppuk\u00e4ytt\u00e4ji\u00e4 ovat yksityishenkil\u00f6t tai yritykset, jotka ostavat Werkadon tuotteita omaan k\u00e4ytt\u00f6\u00f6ns\u00e4 joko suoraan tai j\u00e4lleenmyyjien kautta. Loppuasiakkaat tekev\u00e4t lopullisen ostop\u00e4\u00e4t\u00f6ksen, joten on t\u00e4rke\u00e4\u00e4, ett\u00e4 he ovat tietoisia kest\u00e4vist\u00e4 tuotevaihtoehdoista. Werkadon tavoitteena on luoda asiakkaille arvoa tarjoamalla heille korkealaatuisia tuotteita, jotka noudattavat kest\u00e4vyyden ja kiertotalouden periaatteita ja auttavat heit\u00e4 tekem\u00e4\u00e4n vastuullisia kulutusvalintoja.<\/p>\n\n<h3 class=\"wp-block-heading\"><strong>Palveluntarjoajat<\/strong><\/h3>\n\n<p>Varastointi-, kuljetus- ja logistiikkayritykset ovat keskeisi\u00e4 kumppaneita, jotka tukevat Werkadon p\u00e4ivitt\u00e4ist\u00e4 toimintaa. Odotamme kaikilta palveluntarjoajiltamme ESG-periaatteiden noudattamista, jotta varmistetaan vastuullinen ja kest\u00e4v\u00e4 toimitusketju. Yhteisty\u00f6ss\u00e4 palveluntarjoajien kanssa tavoitteemme on v\u00e4hent\u00e4\u00e4 ymp\u00e4rist\u00f6vaikutuksia, parantaa tehokkuutta ja edist\u00e4\u00e4 innovatiivisia ja kest\u00e4vi\u00e4 ratkaisuja koko toimitusketjussa.<\/p>\n\n<h2 class=\"wp-block-heading\">WERKADON ESG-PRIORITEETIT<\/h2>\n\n<ul class=\"wp-block-list\">\n<li><strong>Kuluttajien tietoisuuden lis\u00e4\u00e4minen \u2013 vastuullinen markkinointi (uudelleensuuntautuminen)<\/strong><br\/>Kuluttajien tietoisuuden lis\u00e4\u00e4minen kest\u00e4vist\u00e4 ty\u00f6v\u00e4lineist\u00e4 ja henkil\u00f6suojavarusteista on Werkadon ESG-k\u00e4yt\u00e4nn\u00f6n ensisijainen tavoite. Viestinn\u00e4n on oltava selke\u00e4\u00e4 ja ymm\u00e4rrett\u00e4v\u00e4\u00e4 kaikille sidosryhmille.<\/li>\n\n\n\n<li><strong>Liikesuhteiden hallinta<\/strong><br\/>Vahvat suhteet toimittajiin, logistiikkayrityksiin ja j\u00e4lleenmyyjiin ovat liiketoiminnan kest\u00e4vyyden perusta.<\/li>\n\n\n\n<li><strong>Ilmastonmuutoksen hillitseminen<\/strong><br\/>Werkadon merkitt\u00e4v\u00e4 tukkukauppiasasema tuo mukanaan vastuun CO2-p\u00e4\u00e4st\u00f6jen v\u00e4hent\u00e4miseen. Tuotevalikoiman tietoinen hallinta ja ymp\u00e4rist\u00f6yst\u00e4v\u00e4llisten tuotteiden edist\u00e4minen auttavat pienent\u00e4m\u00e4\u00e4n ymp\u00e4rist\u00f6jalanj\u00e4lke\u00e4.<\/li>\n\n\n\n<li><strong>Koulutus ja osaamisen kehitt\u00e4minen<\/strong><br\/>Ammattitaitoinen ja osaava tiimi on Werkadon menestyksen perusta. Jatkuva henkil\u00f6st\u00f6n kouluttaminen auttaa viem\u00e4\u00e4n ESG-ajattelutapaa sidosryhmille.<\/li>\n\n\n\n<li><strong>Eettinen liiketoiminta<\/strong><br\/>Eettisten periaatteiden noudattaminen on meille t\u00e4rke\u00e4\u00e4 sek\u00e4 sis\u00e4isiss\u00e4 ett\u00e4 ulkoisissa suhteissa. Avoin ja kunnioittava viestint\u00e4 auttaa luomaan luottamussuhteita.<\/li>\n\n\n\n<li><strong>J\u00e4te ja kiertotalous<\/strong><br\/>J\u00e4tehuollon ja kiertotalouden periaatteiden noudattaminen ovat osa koko arvoketjua. Valmistajien ja toimittajien toiminnan seuranta edist\u00e4\u00e4 kest\u00e4vyyden varmistamista.<\/li>\n\n\n\n<li><strong>Arvoketjun ty\u00f6ntekij\u00f6iden ty\u00f6olosuhteet<\/strong><br\/>Kaikki ty\u00f6ntekij\u00e4t, niin Werkadossa kuin arvoketjussakin, ansaitsevat oikeudenmukaisen kohtelun ja hyv\u00e4t ty\u00f6olosuhteet. Ty\u00f6olosuhteiden jatkuva parantaminen auttaa varmistamaan ty\u00f6ntekij\u00f6iden tyytyv\u00e4isyyden ja sitoutumisen.<\/li>\n<\/ul>\n\n<p>Yhteenvetona voidaan korostaa, ett\u00e4 Werkadon ESG-k\u00e4yt\u00e4nt\u00f6 perustuu ESG-strategiaamme, jonka ytimess\u00e4 ovat vastuullinen toiminta, yhteisty\u00f6 ja jatkuva kehitys. Asetamme mitattavia tavoitteita ja seuraamme edistyst\u00e4 varmistaaksemme strategian tehokkaan toteutumisen.<\/p>\n\n<h2 class=\"wp-block-heading\">WERKADON ESG- JA KEST\u00c4VYYSVISIO JA -PYRKIMYKSET<\/h2>\n\n<p>Werkadon visio on olla suunnann\u00e4ytt\u00e4j\u00e4 ja kest\u00e4vyyden edell\u00e4k\u00e4vij\u00e4 ty\u00f6kaluteollisuudessa. Tavoitteemme ja vastuumme on ohjata kuluttajia kohti kest\u00e4v\u00e4mpi\u00e4 valintoja, tehden pitk\u00e4ik\u00e4isist\u00e4 ja huolellisesti valmistetuista ty\u00f6kaluista alan uuden standardin.<\/p>\n\n<p>Tarjoamme tuotteita ja palveluita, jotka auttavat asiakkaitamme v\u00e4hent\u00e4m\u00e4\u00e4n toimintansa ymp\u00e4rist\u00f6vaikutuksia merkitt\u00e4v\u00e4sti. Lis\u00e4ksi varmistamme varaosien saatavuuden sek\u00e4 huolto- ja korjausmahdollisuudet, mik\u00e4 pident\u00e4\u00e4 tuotteiden elinkaarta ja tukee kiertotalouden periaatteita.<\/p>\n\n<p>Pyrkimyksen\u00e4mme on asettaa k\u00e4sity\u00f6kaluteollisuudelle uusi suunta, jossa vastuulliset ja kest\u00e4v\u00e4t ratkaisut ovat etusijalla.<\/p>\n\n<h2 class=\"wp-block-heading\"><a><strong>YK:N KEST\u00c4V\u00c4N KEHITYKSEN TAVOITTEET (SDG)<\/strong><\/a><\/h2>\n\n<p>Werkado on p\u00e4\u00e4tt\u00e4nyt keskitty\u00e4 ensisijaisesti kahteen YK:n kest\u00e4v\u00e4n kehityksen tavoitteeseen (SDG), joihin yrityksell\u00e4 on suurin vaikutus. SDG:t tarjoavat Werkadon ty\u00f6lle ja sitoumuksille tavoitteellisen kehyksen kohti kest\u00e4v\u00e4mp\u00e4\u00e4 tulevaisuutta.<\/p>\n\n<div class=\"wp-block-columns is-layout-flex wp-container-core-columns-is-layout-9d6595d7 wp-block-columns-is-layout-flex\">\n<div class=\"wp-block-column is-layout-flow wp-block-column-is-layout-flow\">\n<figure class=\"wp-block-image size-full is-resized is-style-default\"><img loading=\"lazy\" decoding=\"async\" width=\"667\" height=\"670\" src=\"https:\/\/werkado.eu\/wp-content\/uploads\/2024\/09\/YRO-SDG-8.png\" alt=\"\" class=\"wp-image-5543\" style=\"width:179px;height:auto\" srcset=\"https:\/\/werkado.eu\/wp-content\/uploads\/2024\/09\/YRO-SDG-8.png 667w, https:\/\/werkado.eu\/wp-content\/uploads\/2024\/09\/YRO-SDG-8-300x300.png 300w, https:\/\/werkado.eu\/wp-content\/uploads\/2024\/09\/YRO-SDG-8-150x150.png 150w, https:\/\/werkado.eu\/wp-content\/uploads\/2024\/09\/YRO-SDG-8-65x65.png 65w, https:\/\/werkado.eu\/wp-content\/uploads\/2024\/09\/YRO-SDG-8-40x40.png 40w\" sizes=\"auto, (max-width: 667px) 100vw, 667px\" \/><\/figure>\n\n\n\n<p><sup>&#8212;&#8212;&#8212;&#8212;&#8212;&#8212;&#8212;&#8212;-<\/sup><\/p>\n\n\n\n<figure class=\"wp-block-image size-full is-resized is-style-default\"><img loading=\"lazy\" decoding=\"async\" width=\"661\" height=\"663\" src=\"https:\/\/werkado.eu\/wp-content\/uploads\/2024\/09\/YRO-SDG-12.png\" alt=\"\" class=\"wp-image-5555\" style=\"width:179px;height:auto\" srcset=\"https:\/\/werkado.eu\/wp-content\/uploads\/2024\/09\/YRO-SDG-12.png 661w, https:\/\/werkado.eu\/wp-content\/uploads\/2024\/09\/YRO-SDG-12-300x300.png 300w, https:\/\/werkado.eu\/wp-content\/uploads\/2024\/09\/YRO-SDG-12-150x150.png 150w, https:\/\/werkado.eu\/wp-content\/uploads\/2024\/09\/YRO-SDG-12-65x65.png 65w, https:\/\/werkado.eu\/wp-content\/uploads\/2024\/09\/YRO-SDG-12-40x40.png 40w\" sizes=\"auto, (max-width: 661px) 100vw, 661px\" \/><\/figure>\n\n\n\n<p><\/p>\n\n\n\n<p><\/p>\n\n\n\n<p><\/p>\n\n\n\n<p><\/p>\n\n\n\n<p><\/p>\n\n\n\n<p><\/p>\n\n\n\n<p><\/p>\n<\/div>\n\n\n\n<div class=\"wp-block-column is-layout-flow wp-block-column-is-layout-flow\">\n<p>Tukea kest\u00e4v\u00e4\u00e4, osallistavaa ja vastuullista talouskasvua sek\u00e4 varmistaa ihmisarvoista ty\u00f6t\u00e4 kaikille.<br\/>8.2: Lis\u00e4t\u00e4 taloudellista tuottavuutta hy\u00f6dynt\u00e4m\u00e4ll\u00e4 innovatiivisia ty\u00f6v\u00e4lineit\u00e4, toimitusketjuratkaisuja, digitalisaatiota ja automatisointia.<br\/>8.8: Edist\u00e4\u00e4 turvallisten ja terveellisten ty\u00f6olojen luomista kaikille ty\u00f6ntekij\u00f6ille tarjoamalla laadukkaita, ergonomisia ja turvallisia henkil\u00f6suojaimia ja ty\u00f6v\u00e4lineit\u00e4 sek\u00e4 kehitt\u00e4m\u00e4ll\u00e4 niiden k\u00e4ytt\u00f6\u00f6n liittyv\u00e4\u00e4 kulttuuria.<br\/><\/p>\n\n\n\n<p><\/p>\n\n\n\n<p>Varmistaa kest\u00e4v\u00e4t kulutus- ja tuotantotavat.<br\/>12.5: V\u00e4hent\u00e4\u00e4 merkitt\u00e4v\u00e4sti j\u00e4tteiden syntymist\u00e4 vuoteen 2030 menness\u00e4 ehk\u00e4isemisen, v\u00e4hent\u00e4misen, kierr\u00e4tyksen ja uudelleenk\u00e4yt\u00f6n avulla. Toteutamme t\u00e4t\u00e4 kuratoimalla tarjoamaamme tuotevalikoimaa ja v\u00e4hent\u00e4m\u00e4ll\u00e4 oman toimintamme synnytt\u00e4mi\u00e4 j\u00e4tteit\u00e4.<br\/>12.6: Kannustaa yrityksi\u00e4 toimimaan kest\u00e4v\u00e4sti kulutustarvikkeiden osalta. Tarjoamme heille sopivia tuotteita ja kest\u00e4vi\u00e4 toimitusketjuratkaisuja (industrial vending).<br\/><\/p>\n<\/div>\n<\/div>\n\n<h2 class=\"wp-block-heading\"><a><strong>WERKADON ESG- JA KEST\u00c4VYYSOHJENUORAT<\/strong><\/a><\/h2>\n\n<h3 class=\"wp-block-heading\">Ymp\u00e4rist\u00f6asiat<\/h3>\n\n<p>Werkado toteuttaa liiketoimintastrategiaansa ja -tavoitteitaan ymp\u00e4rist\u00f6yst\u00e4v\u00e4llisell\u00e4 tavalla. Se auttaa torjumaan ilmastonmuutosta v\u00e4hent\u00e4m\u00e4ll\u00e4 yrityksen toiminnasta, tuotteista ja toimitusketjuista aiheutuvia kasvihuonekaasup\u00e4\u00e4st\u00f6j\u00e4. Lis\u00e4ksi se v\u00e4hent\u00e4\u00e4 resurssien k\u00e4ytt\u00f6\u00e4 arvoketjun laajuisesti kiertotalouden suunnitteluperiaatteita noudattaen. Tuotevalikoimaa, tuotteita ja palveluita kehitet\u00e4\u00e4n huomioiden niiden elinkaaren pituus ja kiertotalousperiaatteet.<\/p>\n\n<ul class=\"wp-block-list\">\n<li><strong>Ilmastonmuutoksen hillitseminen\u00a0<\/strong><\/li>\n<\/ul>\n\n<p>Werkado osallistuu ilmastonmuutoksen hillint\u00e4\u00e4n hallitsemalla tuotevalikoimaansa ja valitsemalla toimittajansa tietoisesti. Tavoitteenamme on tarjota tuotteita, joiden elinkaarta pidennet\u00e4\u00e4n varaosien, huollon ja korjauksen avulla, mik\u00e4 v\u00e4hent\u00e4\u00e4 tuotteiden ymp\u00e4rist\u00f6jalanj\u00e4lke\u00e4.<\/p>\n\n<ul class=\"wp-block-list\">\n<li><strong>Kiertotalous ja j\u00e4tehuolto<\/strong><\/li>\n<\/ul>\n\n<p>Werkado toimii aktiivisesti j\u00e4tehuollon ja kiertotalouden parissa keskittyen jakelussa syntyv\u00e4n j\u00e4tteen v\u00e4hent\u00e4miseen ja uudelleenk\u00e4ytt\u00f6\u00f6n. Vaarallisten j\u00e4tteiden, kuten akkujen osalta ohjaamme loppuk\u00e4ytt\u00e4ji\u00e4 ja j\u00e4lleenmyyji\u00e4 oikeaan j\u00e4tehuoltoon tietoisuuden lis\u00e4\u00e4misen avulla.<\/p>\n\n<p>Werkadon tarjoamissa palveluissa on kiertotalouden elementtej\u00e4, ja niihin kuuluu ty\u00f6kalujen t\u00e4yden palvelun vuokraus (subscription model) sek\u00e4 ty\u00f6kalujen huolto ja korjaus. Yritys tarjoaa vuokralle ty\u00f6kaluja, joiden huolto- ja korjauspalvelut sek\u00e4 varaosien saatavuus on taattu. K\u00e4yt\u00f6st\u00e4 poistettuja ty\u00f6kaluja hy\u00f6dynnet\u00e4\u00e4n mahdollisuuksien mukaan varaosina, jotta niiden elinkaarta voidaan pident\u00e4\u00e4.<\/p>\n\n<h3 class=\"wp-block-heading\">Sosiaaliset asiat<\/h3>\n\n<p>Werkado sitoutuu ty\u00f6ntekij\u00f6idens\u00e4 ja arvoketjun ty\u00f6ntekij\u00f6iden hyvinvoinnin varmistamiseen ja luomaan pitk\u00e4aikaista arvoa kaikille sidosryhmille.<\/p>\n\n<ul class=\"wp-block-list\">\n<li><strong>Koulutus ja osaamisen kehitt\u00e4minen\u00a0<\/strong><\/li>\n<\/ul>\n\n<p>Werkado tukee ty\u00f6ntekij\u00f6idens\u00e4 ammatillista kehityst\u00e4 hyvin suunnitelluilla koulutusohjelmilla, jotka parantavat jokaisen ty\u00f6ntekij\u00e4n taitoja ja tiet\u00e4myst\u00e4. Ty\u00f6ntekij\u00f6iden osaaminen ja tietoisuus ovat yrityksen kest\u00e4vyyden ja missiomme toteuttamisen perusta.<\/p>\n\n<ul class=\"wp-block-list\">\n<li><strong>Arvoketjun ty\u00f6ntekij\u00e4t<\/strong><\/li>\n<\/ul>\n\n<p>Werkado pit\u00e4\u00e4 t\u00e4rke\u00e4n\u00e4 kaikkien arvoketjussa ty\u00f6skentelevien hyvinvointia ja varmistaa oikeudenmukaisesti palkatut ja tasavertaiset ty\u00f6olot. Kehitteill\u00e4 on k\u00e4yt\u00e4nnes\u00e4\u00e4nn\u00f6st\u00f6, joka m\u00e4\u00e4rittelee odotukset palveluntarjoajien ty\u00f6ntekij\u00f6iden kohtelulle.<\/p>\n\n<ul class=\"wp-block-list\">\n<li><strong>Loppuk\u00e4ytt\u00e4jien koulutus ja viestint\u00e4\u00a0<\/strong><\/li>\n<\/ul>\n\n<p>Werkado panostaa asiakkaidensa koulutukseen tarjoamalla heille laadukkaita ja ymp\u00e4rist\u00f6yst\u00e4v\u00e4llisi\u00e4 tuotteita. Asiakkaita opastetaan k\u00e4ytt\u00e4m\u00e4\u00e4n tuotteita oikein, jotta niiden elinkaari pitenisi.<\/p>\n\n<h3 class=\"wp-block-heading\">Hallintotavat<\/h3>\n\n<ul class=\"wp-block-list\">\n<li><strong>Liiketoimintaetiikka\u00a0<\/strong><\/li>\n<\/ul>\n\n<p>Werkado noudattaa tiukasti eettisi\u00e4 liiketoimintak\u00e4yt\u00e4nt\u00f6j\u00e4 ja lains\u00e4\u00e4d\u00e4nt\u00f6\u00e4 sek\u00e4 paikallisissa ett\u00e4 kansainv\u00e4lisiss\u00e4 suhteissa. Avoin ja kunnioittava viestint\u00e4 liikekumppaneiden kanssa on olennainen osa kest\u00e4v\u00e4\u00e4 liiketoimintaa. Werkado edist\u00e4\u00e4 avointa, kunnioittavaa ja molemmille osapuolille arvoa luovaa viestint\u00e4\u00e4 ja yhteisty\u00f6t\u00e4, jossa otetaan huomioon kaikkien osapuolten edut.<\/p>\n\n<ul class=\"wp-block-list\">\n<li><strong>Liikesuhteiden hallinta\u00a0<\/strong><\/li>\n<\/ul>\n\n<p>Suhteet toimittajiin ja logistiikkayrityksiin ovat Werkadon liiketoiminnan kest\u00e4vyyden perusta. T\u00e4m\u00e4 on alue, joka vaatii p\u00e4ivitt\u00e4ist\u00e4 huomiota ja aktiivista kehitt\u00e4mist\u00e4.<\/p>\n\n<p><strong>Werkadon ESG-k\u00e4yt\u00e4nt\u00f6 keskittyy ymp\u00e4rist\u00f6yst\u00e4v\u00e4llisyyteen, sosiaaliseen vastuuseen ja vahvaan hallintoon.<\/strong> Yritys pyrkii v\u00e4hent\u00e4m\u00e4\u00e4n hiilijalanj\u00e4lke\u00e4\u00e4n, edist\u00e4m\u00e4\u00e4n kiertotalouden k\u00e4yt\u00e4nt\u00f6j\u00e4 ja varmistamaan vastuullisen j\u00e4tehuollon. Werkado tekee tiivist\u00e4 yhteisty\u00f6t\u00e4 toimittajien ja palveluntarjoajien kanssa edist\u00e4\u00e4kseen kest\u00e4v\u00e4n kehityksen innovaatioita. Ty\u00f6ntekij\u00f6iden hyvinvointi ja ammatillinen kehittyminen ovat etusijalla, samoin kuin oikeudenmukaisten ty\u00f6olosuhteiden varmistaminen toimitusketjussa. N\u00e4iden aloitteiden avulla Werkado sitoutuu eettisiin liiketoimintak\u00e4yt\u00e4nt\u00f6ihin ja vastuulliseen viestint\u00e4\u00e4n luodakseen pitk\u00e4aikaista arvoa kaikille sidosryhmille.<\/p>\n\n<p>Werkado on johtava ty\u00f6kalujen ja henkil\u00f6suojainten jakelija Baltian alueella ja toimii my\u00f6s Suomen markkinoilla paikallisten edustajien kautta. Yritys tarjoaa laajan valikoiman korkealaatuisia tuotteita teollisuus- ja rakennusalalle keskittyen innovaatioon, tehokkuuteen ja asiakastyytyv\u00e4isyyteen. Werkadon tavoitteena on tarjota luotettavia ratkaisuja, jotka parantavat ty\u00f6prosesseja ja varmistavat turvallisen ty\u00f6ymp\u00e4rist\u00f6n. Teemme yhteisty\u00f6t\u00e4 tunnettujen tuotemerkkien kanssa ja panostamme jatkuvasti tuotevalikoimamme kehitt\u00e4miseen sek\u00e4 palvelun laadun parantamiseen.<\/p>\n\n<div class=\"wp-block-columns is-layout-flex wp-container-core-columns-is-layout-9d6595d7 wp-block-columns-is-layout-flex\">\n<div class=\"wp-block-column is-layout-flow wp-block-column-is-layout-flow\" style=\"flex-basis:100%\">\n<div class=\"wp-block-group\"><\/div><br>\n<\/div>\n<\/div>\n","protected":false},"excerpt":{"rendered":"<p>Werkadon ESG- ja kest\u00e4vyysk\u00e4yt\u00e4nn\u00f6n tavoitteena on kuvailla, miten yritys k\u00e4sittelee ymp\u00e4rist\u00f6\u00f6n (Environmental), sosiaaliseen vastuuseen (Social) ja hyv\u00e4\u00e4n hallintotapaan (Governance) liittyvi\u00e4 kysymyksi\u00e4 ottaen huomioon yrityksen erityispiirteet ja toimialan vaatimukset. K\u00e4yt\u00e4nt\u00f6 perustuu kansainv\u00e4lisesti tunnustettuun ESG-kehykseen sek\u00e4 paikallisiin lains\u00e4\u00e4d\u00e4nn\u00f6llisiin vaatimuksiin ja sidosryhmien odotuksiin. Werkadon ESG- ja kest\u00e4vyysstrategian tavoitteena on: WERKADON SIDOSRYHM\u00c4T Otamme huomioon keskeisiin sidosryhmiimme liittyv\u00e4t vaikutukset, riskit [&hellip;]<\/p>\n","protected":false},"author":4,"featured_media":0,"parent":0,"menu_order":0,"comment_status":"closed","ping_status":"closed","template":"","meta":{"_acf_changed":false,"footnotes":""},"class_list":["post-5820","page","type-page","status-publish","hentry"],"acf":[],"_links":{"self":[{"href":"https:\/\/werkado.eu\/fi\/wp-json\/wp\/v2\/pages\/5820","targetHints":{"allow":["GET"]}}],"collection":[{"href":"https:\/\/werkado.eu\/fi\/wp-json\/wp\/v2\/pages"}],"about":[{"href":"https:\/\/werkado.eu\/fi\/wp-json\/wp\/v2\/types\/page"}],"author":[{"embeddable":true,"href":"https:\/\/werkado.eu\/fi\/wp-json\/wp\/v2\/users\/4"}],"replies":[{"embeddable":true,"href":"https:\/\/werkado.eu\/fi\/wp-json\/wp\/v2\/comments?post=5820"}],"version-history":[{"count":1,"href":"https:\/\/werkado.eu\/fi\/wp-json\/wp\/v2\/pages\/5820\/revisions"}],"predecessor-version":[{"id":5823,"href":"https:\/\/werkado.eu\/fi\/wp-json\/wp\/v2\/pages\/5820\/revisions\/5823"}],"wp:attachment":[{"href":"https:\/\/werkado.eu\/fi\/wp-json\/wp\/v2\/media?parent=5820"}],"curies":[{"name":"wp","href":"https:\/\/api.w.org\/{rel}","templated":true}]}}