{"id":1804,"date":"2022-12-20T15:54:51","date_gmt":"2022-12-20T13:54:51","guid":{"rendered":"https:\/\/werkado.eu\/prekes-zenklai\/"},"modified":"2023-02-22T12:30:59","modified_gmt":"2023-02-22T10:30:59","slug":"prekes-zenklai","status":"publish","type":"page","link":"https:\/\/werkado.eu\/lt\/prekes-zenklai\/","title":{"rendered":"Prekiniai \u017eenklai"},"content":{"rendered":"\n<p class=\"has-text-align-center\">\u201eWerkado\u201c yra kokyb\u0117s \u017eenklas, tod\u0117l m\u016bs\u0173 asortimente n\u0117ra joki\u0173 atsitiktini\u0173 gamini\u0173 ar gamintoj\u0173. Naujus bendradarbiavimo partnerius renkam\u0117s daugiausiai remdamiesi auk\u0161tos kokyb\u0117s produktais ir tvariu m\u0105stymo b\u016bdu. Taip dirbdami galime b\u016bti tikri, kad savo klientams tiekiame tai, kas geriausia. Dabartinis preki\u0173 \u017eenkl\u0173 asortimentas apima rankini\u0173 \u012franki\u0173 ir darbo apsaugos priemoni\u0173 poreikius sektoriuje, pramon\u0117je ir gamyboje, autoservisuose ir sodininkyst\u0117je. Esant poreikiui, padedame suprojektuoti kategorij\u0105 ir asortiment\u0105 parduotuv\u0117ms.<\/p>\n\n\n\n<p><\/p>\n\n\n<section class=\"brands-filter-section\">\n    <form id=\"filter\" class=\"filters\">\n        <span class=\"filter-title\">\n            Filtras:        <\/span>\n        <div class=\"selection-wrapper\">\n            <select name=\"categoryfilter\" id=\"selected_cat\" onchange=filter(this) ><option value=\"all\"> Kategorija:<\/option><option value=\"95\">Ap\u0161vietimas<\/option><option value=\"99\">Asmenin\u0117s apsaugos priemon\u0117s<\/option><option value=\"112\">Darbo apranga<\/option><option value=\"103\">Dinamometriniai \u012frankiai<\/option><option value=\"102\">Elektriniai ir pneumatiniai \u012frankiai<\/option><option value=\"101\">Elektrini\u0173 \u012franki\u0173 priedai<\/option><option value=\"104\">Gara\u017eo \u012frankiai ir \u012franga<\/option><option value=\"105\">\u012eranki\u0173 laikymas<\/option><option value=\"114\">I\u0161kylavimas \/ taktinis inventorius<\/option><option value=\"109\">Juostiniai pj\u016bklai<\/option><option value=\"113\">Lazeriai ir skaitmeniniai matavimo prietaisai<\/option><option value=\"100\">Rankiniai \u012frankiai<\/option><option value=\"110\">Sodo ir mi\u0161ko \u012frankiai<\/option><\/select>        <select name=\"fieldfilter\" id=\"selected_field\" onchange=filter(this) ><option value=\"all\">Veiklos sritis:<\/option><option value=\"96\">Auto remontas<\/option><option value=\"98\">Pramon\u0117<\/option><option value=\"111\">Sodininkyst\u0117 \/ mi\u0161kininkyst\u0117<\/option><option value=\"97\">Statyba<\/option><\/select>        <\/div>\n    <\/form>\n    <div class=\"category-filter\" id=\"response\">\n    <\/div>\n    <\/section>\n\n\n\n<section class=\"contact_form-section\">\n    <article class=\"contact_form-wrapper\">\n        <div class=\"footer-cta-title\">Ar norite prad\u0117ti bendradarbiavim\u0105 ar turite papildom\u0173 klausim\u0173?<\/br>\n        <span class=\"dark-blue\">Susisiekite su mumis!<\/span><\/div>\n        <div class=\"contact_form-content\">\n        <div class='_form_20'><\/div><script type='text\/javascript' src='https:\/\/toolmarketing.activehosted.com\/f\/embed.php?static=0&#038;id=20&#038;69E1358BEB795&#038;nostyles=1&#038;preview=0'><\/script>        <\/div>\n    <\/article>\n    <div class=\"dots-graphic-left\" ><svg width=\"154\" height=\"93\" viewBox=\"0 0 154 93\" fill=\"none\" xmlns=\"http:\/\/www.w3.org\/2000\/svg\">\n<path d=\"M90.9922 3.64683C90.9922 4.35066 90.7865 5.03868 90.4013 5.62369C90.016 6.2087 89.4686 6.66443 88.8282 6.9331C88.1878 7.20176 87.4833 7.27125 86.8039 7.13285C86.1246 6.99446 85.5011 6.65441 85.0122 6.15568C84.5233 5.65695 84.1911 5.02203 84.0577 4.33136C83.9243 3.64069 83.9957 2.92527 84.2628 2.27586C84.53 1.62645 84.9809 1.07223 85.5584 0.683347C86.1359 0.294462 86.814 0.0883954 87.5068 0.0913402C88.4325 0.0952748 89.319 0.471621 89.9723 1.13797C90.6255 1.80433 90.9922 2.70643 90.9922 3.64683Z\" fill=\"#004BD1\"\/>\n<path d=\"M111.992 3.64683C111.992 4.35066 111.787 5.03868 111.401 5.62369C111.016 6.2087 110.469 6.66443 109.828 6.9331C109.188 7.20176 108.483 7.27125 107.804 7.13285C107.125 6.99446 106.501 6.65441 106.012 6.15568C105.523 5.65695 105.191 5.02203 105.058 4.33136C104.924 3.64069 104.996 2.92527 105.263 2.27586C105.53 1.62645 105.981 1.07223 106.558 0.683347C107.136 0.294462 107.814 0.0883954 108.507 0.0913402C108.966 0.091336 109.42 0.183422 109.844 0.362283C110.268 0.541143 110.653 0.803264 110.977 1.13362C111.3 1.46397 111.557 1.85611 111.731 2.28739C111.905 2.71867 111.994 3.18062 111.992 3.64683Z\" fill=\"#004BD1\"\/>\n<path d=\"M132.992 3.64678C132.992 4.34999 132.787 5.03741 132.402 5.6221C132.018 6.20679 131.471 6.66248 130.832 6.93159C130.192 7.20069 129.488 7.27117 128.809 7.13398C128.13 6.99679 127.507 6.65813 127.017 6.16089C126.528 5.66366 126.194 5.03017 126.059 4.34048C125.924 3.65079 125.994 2.93585 126.259 2.28617C126.524 1.6365 126.972 1.08126 127.548 0.690577C128.123 0.299899 128.8 0.0913092 129.492 0.0913091C130.421 0.0913089 131.311 0.465987 131.967 1.13276C132.623 1.79954 132.992 2.70382 132.992 3.64678Z\" fill=\"#004BD1\"\/>\n<path d=\"M153.992 3.64629C153.992 4.3495 153.787 5.03692 153.402 5.62161C153.018 6.2063 152.471 6.662 151.832 6.9311C151.192 7.2002 150.488 7.27068 149.809 7.13349C149.13 6.9963 148.507 6.65765 148.017 6.16041C147.528 5.66317 147.194 5.02968 147.059 4.33999C146.924 3.6503 146.994 2.93536 147.259 2.28569C147.524 1.63601 147.972 1.08077 148.548 0.690089C149.123 0.299411 149.8 0.0908209 150.492 0.0908208C151.42 0.0908207 152.311 0.465499 152.967 1.13228C153.623 1.79905 153.992 2.70333 153.992 3.64629Z\" fill=\"#004BD1\"\/>\n<path d=\"M90.9922 24.9649C90.9951 25.6694 90.7919 26.3589 90.4084 26.9459C90.0249 27.5329 89.4785 27.9909 88.8383 28.2618C88.1982 28.5328 87.4932 28.6044 86.8129 28.4677C86.1326 28.331 85.5077 27.9921 85.0173 27.494C84.527 26.9958 84.1933 26.3609 84.0587 25.6698C83.9241 24.9787 83.9947 24.2626 84.2614 23.6123C84.5282 22.962 84.979 22.4069 85.5568 22.0174C86.1347 21.6278 86.8133 21.4214 87.5068 21.4243C88.43 21.4283 89.3142 21.8026 89.967 22.4657C90.6198 23.1289 90.9883 24.0271 90.9922 24.9649Z\" fill=\"#004BD1\"\/>\n<path d=\"M111.992 24.9654C111.995 25.6699 111.792 26.3594 111.408 26.9464C111.025 27.5333 110.478 27.9914 109.838 28.2623C109.198 28.5333 108.493 28.6049 107.813 28.4682C107.133 28.3315 106.508 27.9926 106.017 27.4944C105.527 26.9963 105.193 26.3614 105.059 25.6703C104.924 24.9792 104.995 24.2631 105.261 23.6128C105.528 22.9625 105.979 22.4074 106.557 22.0178C107.135 21.6283 107.813 21.4219 108.507 21.4248C109.431 21.4248 110.318 21.7979 110.971 22.4619C111.625 23.1259 111.992 24.0264 111.992 24.9654Z\" fill=\"#004BD1\"\/>\n<path d=\"M132.992 24.9654C132.995 25.6692 132.792 26.3582 132.409 26.9448C132.027 27.5315 131.481 27.9895 130.842 28.2609C130.203 28.5323 129.498 28.6048 128.818 28.4693C128.138 28.3337 127.513 27.9963 127.022 27.4997C126.532 27.0031 126.197 26.3696 126.061 25.6795C125.924 24.9894 125.993 24.2737 126.257 23.6231C126.522 22.9726 126.97 22.4164 127.546 22.0251C128.122 21.6337 128.799 21.4248 129.492 21.4248C130.418 21.4248 131.306 21.7974 131.962 22.461C132.618 23.1246 132.988 24.025 132.992 24.9654Z\" fill=\"#004BD1\"\/>\n<path d=\"M153.992 24.9649C153.995 25.6688 153.792 26.3577 153.409 26.9443C153.027 27.531 152.481 27.989 151.842 28.2604C151.202 28.5318 150.498 28.6043 149.818 28.4688C149.138 28.3333 148.513 27.9959 148.022 27.4992C147.532 27.0026 147.197 26.3691 147.061 25.679C146.924 24.9889 146.993 24.2732 147.257 23.6226C147.522 22.9721 147.97 22.4159 148.546 22.0246C149.122 21.6332 149.799 21.4243 150.492 21.4243C151.418 21.4243 152.306 21.7969 152.962 22.4605C153.618 23.1241 153.988 24.0245 153.992 24.9649Z\" fill=\"#004BD1\"\/>\n<path d=\"M91 46.299C91.0029 47.0034 90.7997 47.6929 90.4162 48.2799C90.0327 48.8668 89.4863 49.3249 88.8461 49.5958C88.206 49.8668 87.501 49.9384 86.8207 49.8017C86.1405 49.6649 85.5155 49.3261 85.0252 48.8279C84.5348 48.3298 84.2011 47.6948 84.0665 47.0038C83.932 46.3127 84.0025 45.5966 84.2693 44.9463C84.536 44.296 84.9869 43.7409 85.5647 43.3513C86.1425 42.9618 86.8211 42.7554 87.5146 42.7583C88.4378 42.7622 89.3221 43.1365 89.9748 43.7996C90.6276 44.4628 90.9961 45.3611 91 46.299Z\" fill=\"#004BD1\"\/>\n<path d=\"M112 46.299C112.003 47.0034 111.8 47.6929 111.416 48.2799C111.033 48.8668 110.486 49.3249 109.846 49.5958C109.206 49.8668 108.501 49.9384 107.821 49.8017C107.14 49.6649 106.515 49.3261 106.025 48.8279C105.535 48.3298 105.201 47.6948 105.067 47.0038C104.932 46.3127 105.002 45.5966 105.269 44.9463C105.536 44.296 105.987 43.7409 106.565 43.3513C107.142 42.9618 107.821 42.7554 108.515 42.7583C109.439 42.7583 110.325 43.1314 110.979 43.7954C111.633 44.4594 112 45.3599 112 46.299Z\" fill=\"#004BD1\"\/>\n<path d=\"M133 46.2989C133.003 47.0028 132.8 47.6916 132.417 48.2783C132.034 48.8649 131.489 49.3229 130.85 49.5943C130.21 49.8657 129.506 49.9383 128.826 49.8028C128.146 49.6673 127.521 49.3298 127.03 48.8331C126.539 48.3365 126.205 47.703 126.068 47.0129C125.932 46.3228 126.001 45.6071 126.265 44.9565C126.529 44.306 126.978 43.7498 127.554 43.3585C128.13 42.9671 128.807 42.7583 129.5 42.7583C130.426 42.7583 131.314 43.1308 131.97 43.7944C132.626 44.458 132.996 45.3585 133 46.2989Z\" fill=\"#004BD1\"\/>\n<path d=\"M154 46.2984C154.003 47.0023 153.8 47.6911 153.417 48.2778C153.034 48.8644 152.489 49.3224 151.85 49.5938C151.21 49.8652 150.506 49.9378 149.826 49.8023C149.146 49.6668 148.521 49.3293 148.03 48.8326C147.539 48.336 147.205 47.7025 147.068 47.0124C146.932 46.3223 147.001 45.6066 147.265 44.9561C147.529 44.3055 147.978 43.7493 148.554 43.358C149.13 42.9667 149.807 42.7578 150.5 42.7578C151.426 42.7578 152.314 43.1304 152.97 43.7939C153.626 44.4575 153.996 45.358 154 46.2984Z\" fill=\"#004BD1\"\/>\n<path d=\"M90.9922 67.7064C90.9922 68.4103 90.7865 69.0982 90.4013 69.6832C90.016 70.2683 89.4686 70.724 88.8282 70.9927C88.1878 71.2613 87.4833 71.3308 86.8039 71.1924C86.1246 71.054 85.5011 70.714 85.0122 70.2152C84.5233 69.7165 84.1911 69.0816 84.0577 68.3909C83.9243 67.7002 83.9957 66.9849 84.2628 66.3355C84.53 65.686 84.9809 65.1317 85.5584 64.7428C86.1359 64.3539 86.814 64.148 87.5068 64.1509C88.4325 64.1548 89.319 64.5312 89.9723 65.1976C90.6255 65.8639 90.9922 66.766 90.9922 67.7064Z\" fill=\"#004BD1\"\/>\n<path d=\"M111.992 67.7064C111.992 68.4103 111.787 69.0982 111.401 69.6832C111.016 70.2683 110.469 70.724 109.828 70.9927C109.188 71.2613 108.483 71.3308 107.804 71.1924C107.125 71.054 106.501 70.714 106.012 70.2152C105.523 69.7165 105.191 69.0816 105.058 68.3909C104.924 67.7002 104.996 66.9849 105.263 66.3355C105.53 65.686 105.981 65.1317 106.558 64.7428C107.136 64.3539 107.814 64.148 108.507 64.1509C108.966 64.1509 109.42 64.243 109.844 64.4219C110.268 64.6007 110.653 64.8628 110.977 65.1932C111.3 65.5236 111.557 65.9156 111.731 66.3469C111.905 66.7782 111.994 67.2402 111.992 67.7064Z\" fill=\"#004BD1\"\/>\n<path d=\"M132.992 67.7064C132.992 68.4096 132.787 69.0969 132.402 69.6816C132.018 70.2663 131.471 70.7221 130.832 70.9912C130.192 71.2603 129.488 71.3307 128.809 71.1935C128.13 71.0563 127.507 70.7177 127.017 70.2204C126.528 69.7232 126.194 69.0897 126.059 68.4C125.924 67.7103 125.994 66.9954 126.259 66.3458C126.524 65.6961 126.972 65.1407 127.548 64.7501C128.123 64.3594 128.8 64.1509 129.492 64.1509C130.421 64.1509 131.311 64.5255 131.967 65.1923C132.623 65.859 132.992 66.7634 132.992 67.7064Z\" fill=\"#004BD1\"\/>\n<path d=\"M153.992 67.7064C153.992 68.4096 153.787 69.0969 153.402 69.6816C153.018 70.2663 152.471 70.7221 151.832 70.9912C151.192 71.2603 150.488 71.3307 149.809 71.1935C149.13 71.0563 148.507 70.7177 148.017 70.2204C147.528 69.7232 147.194 69.0897 147.059 68.4C146.924 67.7103 146.994 66.9954 147.259 66.3458C147.524 65.6961 147.972 65.1407 148.548 64.7501C149.123 64.3594 149.8 64.1509 150.492 64.1509C151.42 64.1509 152.311 64.5255 152.967 65.1923C153.623 65.859 153.992 66.7634 153.992 67.7064Z\" fill=\"#004BD1\"\/>\n<path d=\"M91 89.0399C91 89.7437 90.7943 90.4318 90.4091 91.0168C90.0238 91.6018 89.4763 92.0574 88.836 92.3261C88.1956 92.5948 87.4911 92.6643 86.8117 92.5259C86.1324 92.3875 85.5089 92.0474 85.02 91.5487C84.5311 91.0499 84.1989 90.415 84.0655 89.7243C83.9321 89.0337 84.0035 88.3183 84.2706 87.6689C84.5378 87.0195 84.9887 86.4652 85.5662 86.0763C86.1437 85.6874 86.8218 85.4815 87.5146 85.4844C87.9736 85.4844 88.428 85.5765 88.8518 85.7554C89.2756 85.9342 89.6605 86.1963 89.9843 86.5267C90.3082 86.857 90.5646 87.2491 90.7389 87.6804C90.9132 88.1117 91.0019 88.5737 91 89.0399Z\" fill=\"#004BD1\"\/>\n<path d=\"M112 89.0399C112 89.7437 111.794 90.4318 111.409 91.0168C111.024 91.6018 110.476 92.0574 109.836 92.3261C109.196 92.5948 108.491 92.6643 107.812 92.5259C107.132 92.3875 106.509 92.0474 106.02 91.5487C105.531 91.0499 105.199 90.415 105.065 89.7243C104.932 89.0337 105.004 88.3183 105.271 87.6689C105.538 87.0195 105.989 86.4652 106.566 86.0763C107.144 85.6874 107.822 85.4815 108.515 85.4844C108.974 85.4824 109.429 85.5731 109.854 85.7513C110.279 85.9294 110.664 86.1915 110.989 86.5222C111.313 86.853 111.569 87.2458 111.743 87.678C111.916 88.1102 112.004 88.5731 112 89.0399Z\" fill=\"#004BD1\"\/>\n<path d=\"M133 89.0399C133 89.7431 132.795 90.4305 132.41 91.0152C132.026 91.5999 131.479 92.0556 130.839 92.3247C130.2 92.5938 129.496 92.6642 128.817 92.527C128.138 92.3898 127.515 92.0512 127.025 91.5539C126.536 91.0567 126.202 90.4232 126.067 89.7335C125.932 89.0438 126.002 88.329 126.266 87.6793C126.531 87.0296 126.98 86.4743 127.556 86.0836C128.131 85.6929 128.808 85.4844 129.5 85.4844C129.96 85.4824 130.416 85.5731 130.842 85.7511C131.267 85.9291 131.654 86.1909 131.979 86.5214C132.305 86.852 132.562 87.2447 132.738 87.6769C132.913 88.1092 133.002 88.5724 133 89.0399Z\" fill=\"#004BD1\"\/>\n<path d=\"M154 89.0394C154 89.7426 153.795 90.43 153.41 91.0147C153.025 91.5994 152.479 92.0551 151.839 92.3242C151.2 92.5933 150.496 92.6637 149.817 92.5265C149.138 92.3893 148.515 92.0507 148.025 91.5534C147.536 91.0562 147.202 90.4227 147.067 89.733C146.932 89.0433 147.002 88.3285 147.266 87.6788C147.531 87.0291 147.98 86.4738 148.556 86.0831C149.131 85.6924 149.808 85.4839 150.5 85.4839C150.96 85.482 151.416 85.5726 151.842 85.7506C152.267 85.9286 152.654 86.1904 152.979 86.5209C153.305 86.8515 153.562 87.2442 153.737 87.6764C153.913 88.1087 154.002 88.5719 154 89.0394Z\" fill=\"#004BD1\"\/>\n<path d=\"M70 3.64678C70 4.34999 69.7948 5.03741 69.4102 5.6221C69.0256 6.20679 68.4789 6.66248 67.8394 6.93159C67.1998 7.20069 66.4961 7.27117 65.8172 7.13398C65.1383 6.99679 64.5147 6.65813 64.0252 6.16089C63.5357 5.66366 63.2023 5.03017 63.0673 4.34048C62.9322 3.65079 63.0015 2.93585 63.2664 2.28617C63.5313 1.6365 63.9799 1.08126 64.5555 0.690577C65.131 0.299899 65.8077 0.0913092 66.5 0.0913091C67.4282 0.0913089 68.3185 0.465987 68.9749 1.13276C69.6313 1.79954 70 2.70382 70 3.64678Z\" fill=\"#004BD1\"\/>\n<path d=\"M70 24.9649C70.0029 25.6688 69.8001 26.3577 69.4173 26.9443C69.0345 27.531 68.4888 27.989 67.8495 28.2604C67.2103 28.5318 66.5061 28.6043 65.8262 28.4688C65.1463 28.3333 64.5213 27.9959 64.0303 27.4992C63.5394 27.0026 63.2046 26.3691 63.0683 25.679C62.9321 24.9889 63.0006 24.2732 63.265 23.6226C63.5295 22.9721 63.9781 22.4159 64.5539 22.0246C65.1298 21.6332 65.8071 21.4243 66.5 21.4243C67.4257 21.4243 68.3137 21.7969 68.9697 22.4605C69.6256 23.1241 69.9961 24.0245 70 24.9649Z\" fill=\"#004BD1\"\/>\n<path d=\"M70.0078 46.2989C70.0107 47.0028 69.8079 47.6916 69.4251 48.2783C69.0423 48.8649 68.4966 49.3229 67.8573 49.5943C67.2181 49.8657 66.5139 49.9383 65.834 49.8028C65.1541 49.6673 64.5291 49.3298 64.0381 48.8331C63.5472 48.3365 63.2124 47.703 63.0761 47.0129C62.9399 46.3228 63.0084 45.6071 63.2729 44.9565C63.5373 44.306 63.9859 43.7498 64.5617 43.3585C65.1376 42.9671 65.8149 42.7583 66.5078 42.7583C67.4335 42.7583 68.3215 43.1308 68.9775 43.7944C69.6334 44.458 70.0039 45.3585 70.0078 46.2989Z\" fill=\"#004BD1\"\/>\n<path d=\"M70 67.7064C70 68.4096 69.7948 69.0969 69.4102 69.6816C69.0256 70.2663 68.4789 70.7221 67.8394 70.9912C67.1998 71.2603 66.4961 71.3307 65.8172 71.1935C65.1383 71.0563 64.5147 70.7177 64.0252 70.2204C63.5357 69.7232 63.2023 69.0897 63.0673 68.4C62.9322 67.7103 63.0015 66.9954 63.2664 66.3458C63.5313 65.6961 63.9799 65.1407 64.5555 64.7501C65.131 64.3594 65.8077 64.1509 66.5 64.1509C67.4282 64.1509 68.3185 64.5255 68.9749 65.1923C69.6313 65.859 70 66.7634 70 67.7064Z\" fill=\"#004BD1\"\/>\n<path d=\"M70.0078 89.0399C70.0078 89.7431 69.8025 90.4305 69.418 91.0152C69.0334 91.5999 68.4867 92.0556 67.8472 92.3247C67.2076 92.5938 66.5039 92.6642 65.825 92.527C65.1461 92.3898 64.5225 92.0512 64.033 91.5539C63.5435 91.0567 63.2101 90.4232 63.0751 89.7335C62.94 89.0438 63.0093 88.329 63.2742 87.6793C63.5391 87.0296 63.9877 86.4743 64.5633 86.0836C65.1388 85.6929 65.8155 85.4844 66.5078 85.4844C66.9679 85.4824 67.424 85.5731 67.8495 85.7511C68.275 85.9291 68.6616 86.1909 68.987 86.5214C69.3123 86.852 69.5701 87.2447 69.7453 87.6769C69.9205 88.1092 70.0097 88.5724 70.0078 89.0399Z\" fill=\"#004BD1\"\/>\n<path d=\"M49 3.64678C49 4.34999 48.7948 5.03741 48.4102 5.6221C48.0256 6.20679 47.4789 6.66248 46.8394 6.93159C46.1998 7.20069 45.4961 7.27117 44.8172 7.13398C44.1383 6.99679 43.5146 6.65813 43.0251 6.16089C42.5356 5.66366 42.2023 5.03017 42.0673 4.34048C41.9322 3.65079 42.0015 2.93585 42.2664 2.28617C42.5313 1.6365 42.9799 1.08126 43.5555 0.690577C44.131 0.299899 44.8077 0.0913092 45.5 0.0913091C46.4282 0.0913089 47.3185 0.465987 47.9749 1.13276C48.6313 1.79954 49 2.70382 49 3.64678Z\" fill=\"#004BD1\"\/>\n<path d=\"M49 24.9654C49.0029 25.6692 48.8 26.3582 48.4172 26.9448C48.0344 27.5315 47.4888 27.9895 46.8495 28.2609C46.2103 28.5323 45.5061 28.6048 44.8262 28.4693C44.1463 28.3337 43.5213 27.9963 43.0303 27.4997C42.5394 27.0031 42.2046 26.3696 42.0683 25.6795C41.9321 24.9894 42.0006 24.2737 42.265 23.6231C42.5295 22.9726 42.9781 22.4164 43.5539 22.0251C44.1298 21.6337 44.8071 21.4248 45.5 21.4248C46.4257 21.4248 47.3137 21.7974 47.9697 22.461C48.6256 23.1246 48.9961 24.025 49 24.9654Z\" fill=\"#004BD1\"\/>\n<path d=\"M49.0078 46.2989C49.0107 47.0028 48.8078 47.6916 48.425 48.2783C48.0422 48.8649 47.4966 49.3229 46.8573 49.5943C46.2181 49.8657 45.5139 49.9383 44.834 49.8028C44.1541 49.6673 43.5291 49.3298 43.0381 48.8331C42.5472 48.3365 42.2124 47.703 42.0761 47.0129C41.9399 46.3228 42.0084 45.6071 42.2729 44.9565C42.5373 44.306 42.9859 43.7498 43.5617 43.3585C44.1376 42.9671 44.8149 42.7583 45.5078 42.7583C46.4335 42.7583 47.3215 43.1308 47.9775 43.7944C48.6334 44.458 49.0039 45.3585 49.0078 46.2989Z\" fill=\"#004BD1\"\/>\n<path d=\"M49 67.7064C49 68.4096 48.7948 69.0969 48.4102 69.6816C48.0256 70.2663 47.4789 70.7221 46.8394 70.9912C46.1998 71.2603 45.4961 71.3307 44.8172 71.1935C44.1383 71.0563 43.5146 70.7177 43.0251 70.2204C42.5356 69.7232 42.2023 69.0897 42.0673 68.4C41.9322 67.7103 42.0015 66.9954 42.2664 66.3458C42.5313 65.6961 42.9799 65.1407 43.5555 64.7501C44.131 64.3594 44.8077 64.1509 45.5 64.1509C46.4282 64.1509 47.3185 64.5255 47.9749 65.1923C48.6313 65.859 49 66.7634 49 67.7064Z\" fill=\"#004BD1\"\/>\n<path d=\"M49.0078 89.0399C49.0078 89.7431 48.8025 90.4305 48.418 91.0152C48.0334 91.5999 47.4867 92.0556 46.8472 92.3247C46.2076 92.5938 45.5039 92.6642 44.825 92.527C44.1461 92.3898 43.5224 92.0512 43.0329 91.5539C42.5434 91.0567 42.2101 90.4232 42.0751 89.7335C41.94 89.0438 42.0093 88.329 42.2742 87.6793C42.5391 87.0296 42.9877 86.4743 43.5633 86.0836C44.1388 85.6929 44.8155 85.4844 45.5078 85.4844C45.9679 85.4824 46.424 85.5731 46.8495 85.7511C47.275 85.9291 47.6616 86.1909 47.987 86.5214C48.3123 86.852 48.5701 87.2447 48.7453 87.6769C48.9205 88.1092 49.0097 88.5724 49.0078 89.0399Z\" fill=\"#004BD1\"\/>\n<path d=\"M28 3.64678C28 4.34999 27.7947 5.03741 27.4101 5.6221C27.0255 6.20679 26.4789 6.66248 25.8394 6.93159C25.1998 7.20069 24.4961 7.27117 23.8172 7.13398C23.1383 6.99679 22.5146 6.65813 22.0251 6.16089C21.5356 5.66366 21.2023 5.03017 21.0673 4.34048C20.9322 3.65079 21.0015 2.93585 21.2664 2.28617C21.5313 1.6365 21.9799 1.08126 22.5555 0.690577C23.131 0.299899 23.8077 0.0913092 24.5 0.0913091C25.4282 0.0913089 26.3185 0.465987 26.9749 1.13276C27.6313 1.79954 28 2.70382 28 3.64678Z\" fill=\"#004BD1\"\/>\n<path d=\"M28 24.9654C28.0029 25.6692 27.8 26.3582 27.4172 26.9448C27.0344 27.5315 26.4888 27.9895 25.8495 28.2609C25.2103 28.5323 24.5061 28.6048 23.8262 28.4693C23.1463 28.3337 22.5213 27.9963 22.0304 27.4997C21.5394 27.0031 21.2046 26.3696 21.0683 25.6795C20.9321 24.9894 21.0005 24.2737 21.265 23.6231C21.5295 22.9726 21.9781 22.4164 22.554 22.0251C23.1298 21.6337 23.8071 21.4248 24.5 21.4248C25.4257 21.4248 26.3137 21.7974 26.9697 22.461C27.6256 23.1246 27.9961 24.025 28 24.9654Z\" fill=\"#004BD1\"\/>\n<path d=\"M28.0078 46.2989C28.0107 47.0028 27.8078 47.6916 27.425 48.2783C27.0422 48.8649 26.4966 49.3229 25.8574 49.5943C25.2181 49.8657 24.5139 49.9383 23.834 49.8028C23.1541 49.6673 22.5291 49.3298 22.0382 48.8331C21.5472 48.3365 21.2124 47.703 21.0762 47.0129C20.9399 46.3228 21.0083 45.6071 21.2728 44.9565C21.5373 44.306 21.9859 43.7498 22.5618 43.3585C23.1376 42.9671 23.8149 42.7583 24.5078 42.7583C25.4335 42.7583 26.3215 43.1308 26.9775 43.7944C27.6334 44.458 28.0039 45.3585 28.0078 46.2989Z\" fill=\"#004BD1\"\/>\n<path d=\"M28 67.7064C28 68.4096 27.7947 69.0969 27.4101 69.6816C27.0255 70.2663 26.4789 70.7221 25.8394 70.9912C25.1998 71.2603 24.4961 71.3307 23.8172 71.1935C23.1383 71.0563 22.5146 70.7177 22.0251 70.2204C21.5356 69.7232 21.2023 69.0897 21.0673 68.4C20.9322 67.7103 21.0015 66.9954 21.2664 66.3458C21.5313 65.6961 21.9799 65.1407 22.5555 64.7501C23.131 64.3594 23.8077 64.1509 24.5 64.1509C25.4282 64.1509 26.3185 64.5255 26.9749 65.1923C27.6313 65.859 28 66.7634 28 67.7064Z\" fill=\"#004BD1\"\/>\n<path d=\"M28.0078 89.0399C28.0078 89.7431 27.8024 90.4305 27.4179 91.0152C27.0333 91.5999 26.4867 92.0556 25.8472 92.3247C25.2076 92.5938 24.5039 92.6642 23.825 92.527C23.1461 92.3898 22.5224 92.0512 22.0329 91.5539C21.5434 91.0567 21.2101 90.4232 21.0751 89.7335C20.94 89.0438 21.0093 88.329 21.2742 87.6793C21.5391 87.0296 21.9877 86.4743 22.5633 86.0836C23.1388 85.6929 23.8155 85.4844 24.5078 85.4844C24.9679 85.4824 25.424 85.5731 25.8495 85.7511C26.275 85.9291 26.6616 86.1909 26.987 86.5214C27.3123 86.852 27.5701 87.2447 27.7453 87.6769C27.9205 88.1092 28.0097 88.5724 28.0078 89.0399Z\" fill=\"#004BD1\"\/>\n<path d=\"M6.99997 3.64683C6.99996 4.35066 6.7943 5.03868 6.40907 5.62369C6.02384 6.2087 5.47635 6.66443 4.83596 6.9331C4.19556 7.20176 3.49106 7.27125 2.81173 7.13285C2.13241 6.99446 1.50879 6.65441 1.0199 6.15568C0.531009 5.65695 0.198876 5.02203 0.0654865 4.33136C-0.0679026 3.64069 0.00346458 2.92527 0.270617 2.27586C0.537769 1.62645 0.98862 1.07223 1.56611 0.683347C2.1436 0.294462 2.82178 0.0883954 3.51463 0.0913402C3.97356 0.091336 4.42796 0.183422 4.85177 0.362283C5.27559 0.541143 5.66049 0.803264 5.98433 1.13362C6.30816 1.46397 6.5646 1.85611 6.73889 2.28739C6.91318 2.71867 7.0019 3.18062 6.99997 3.64683Z\" fill=\"#004BD1\"\/>\n<path d=\"M6.99997 24.9649C7.00287 25.6694 6.79969 26.3589 6.41622 26.9459C6.03275 27.5329 5.48627 27.9909 4.84614 28.2618C4.206 28.5328 3.50104 28.6044 2.82075 28.4677C2.14045 28.331 1.51552 27.9921 1.02515 27.494C0.534791 26.9958 0.201114 26.3609 0.0665336 25.6698C-0.0680471 24.9787 0.00253189 24.2626 0.269251 23.6123C0.53597 22.962 0.986764 22.4069 1.56457 22.0174C2.14238 21.6278 2.82114 21.4214 3.51462 21.4243C4.43899 21.4243 5.32551 21.7975 5.97914 22.4614C6.63277 23.1254 6.99997 24.0259 6.99997 24.9649Z\" fill=\"#004BD1\"\/>\n<path d=\"M7.00705 46.2995C7.0216 47.0063 6.82836 47.7015 6.45207 48.2962C6.07579 48.8909 5.53358 49.3582 4.89459 49.6383C4.25561 49.9184 3.54892 49.9987 2.86482 49.8688C2.18072 49.7389 1.5502 49.4048 1.05394 48.9092C0.55768 48.4135 0.218212 47.7788 0.0787807 47.0862C-0.0606508 46.3936 0.00634421 45.6744 0.27122 45.0206C0.536095 44.3669 0.986753 43.8081 1.56574 43.4158C2.14472 43.0236 2.82575 42.8156 3.52168 42.8184C4.44606 42.8184 5.33258 43.1914 5.98622 43.8554C6.63985 44.5194 7.00705 45.42 7.00705 46.359\" fill=\"#004BD1\"\/>\n<path d=\"M6.99997 67.7064C6.99996 68.4103 6.7943 69.0982 6.40907 69.6832C6.02384 70.2683 5.47635 70.724 4.83596 70.9927C4.19556 71.2613 3.49106 71.3308 2.81173 71.1924C2.13241 71.054 1.50879 70.714 1.0199 70.2152C0.531009 69.7165 0.198876 69.0816 0.0654865 68.3909C-0.0679026 67.7002 0.00346458 66.9849 0.270617 66.3355C0.537769 65.686 0.98862 65.1317 1.56611 64.7428C2.1436 64.3539 2.82178 64.148 3.51463 64.1509C3.97356 64.1509 4.42796 64.243 4.85177 64.4219C5.27559 64.6007 5.66049 64.8628 5.98433 65.1932C6.30816 65.5236 6.5646 65.9156 6.73889 66.3469C6.91318 66.7782 7.0019 67.2402 6.99997 67.7064Z\" fill=\"#004BD1\"\/>\n<path d=\"M7.00769 89.0399C7.00768 89.7437 6.80203 90.4318 6.4168 91.0168C6.03157 91.6018 5.48409 92.0574 4.8437 92.3261C4.20332 92.5948 3.49882 92.6643 2.81951 92.5259C2.14019 92.3875 1.51659 92.0474 1.0277 91.5487C0.538815 91.0499 0.206686 90.415 0.073298 89.7243C-0.0600891 89.0337 0.0112771 88.3183 0.278425 87.6689C0.545574 87.0195 0.996419 86.4652 1.5739 86.0763C2.15139 85.6874 2.82956 85.4815 3.52239 85.4844C3.98187 85.4824 4.43715 85.5731 4.86185 85.7513C5.28654 85.9294 5.67222 86.1915 5.99644 86.5222C6.32066 86.853 6.57695 87.2458 6.75054 87.678C6.92414 88.1102 7.01157 88.5731 7.00769 89.0399Z\" fill=\"#004BD1\"\/>\n<\/svg>\n<\/div>\n<\/section>","protected":false},"excerpt":{"rendered":"<p>\u201eWerkado\u201c yra kokyb\u0117s \u017eenklas, tod\u0117l m\u016bs\u0173 asortimente n\u0117ra joki\u0173 atsitiktini\u0173 gamini\u0173 ar gamintoj\u0173. Naujus bendradarbiavimo partnerius renkam\u0117s daugiausiai remdamiesi auk\u0161tos kokyb\u0117s produktais ir tvariu m\u0105stymo b\u016bdu. Taip dirbdami galime b\u016bti tikri, kad savo klientams tiekiame tai, kas geriausia. Dabartinis preki\u0173 \u017eenkl\u0173 asortimentas apima rankini\u0173 \u012franki\u0173 ir darbo apsaugos priemoni\u0173 poreikius sektoriuje, pramon\u0117je ir gamyboje, autoservisuose [&hellip;]<\/p>\n","protected":false},"author":4,"featured_media":0,"parent":0,"menu_order":0,"comment_status":"closed","ping_status":"closed","template":"","meta":{"_acf_changed":false,"footnotes":""},"class_list":["post-1804","page","type-page","status-publish","hentry"],"acf":[],"_links":{"self":[{"href":"https:\/\/werkado.eu\/lt\/wp-json\/wp\/v2\/pages\/1804","targetHints":{"allow":["GET"]}}],"collection":[{"href":"https:\/\/werkado.eu\/lt\/wp-json\/wp\/v2\/pages"}],"about":[{"href":"https:\/\/werkado.eu\/lt\/wp-json\/wp\/v2\/types\/page"}],"author":[{"embeddable":true,"href":"https:\/\/werkado.eu\/lt\/wp-json\/wp\/v2\/users\/4"}],"replies":[{"embeddable":true,"href":"https:\/\/werkado.eu\/lt\/wp-json\/wp\/v2\/comments?post=1804"}],"version-history":[{"count":5,"href":"https:\/\/werkado.eu\/lt\/wp-json\/wp\/v2\/pages\/1804\/revisions"}],"predecessor-version":[{"id":2462,"href":"https:\/\/werkado.eu\/lt\/wp-json\/wp\/v2\/pages\/1804\/revisions\/2462"}],"wp:attachment":[{"href":"https:\/\/werkado.eu\/lt\/wp-json\/wp\/v2\/media?parent=1804"}],"curies":[{"name":"wp","href":"https:\/\/api.w.org\/{rel}","templated":true}]}}